{"id":3837,"date":"2026-02-19T09:27:22","date_gmt":"2026-02-19T08:27:22","guid":{"rendered":"https:\/\/www.flair-paris.fr\/?page_id=3837"},"modified":"2026-02-19T15:34:35","modified_gmt":"2026-02-19T14:34:35","slug":"haonan-he-opium-arium","status":"publish","type":"page","link":"https:\/\/www.flair-paris.fr\/en\/haonan-he-opium-arium\/","title":{"rendered":"Haonan He, Opium-arium"},"content":{"rendered":"[et_pb_section fb_built=\u00a0\u00bb1&Prime; _builder_version=\u00a0\u00bb4.27.4&Prime; _module_preset=\u00a0\u00bbdefault\u00a0\u00bb global_colors_info=\u00a0\u00bb{}\u00a0\u00bb locked=\u00a0\u00bboff\u00a0\u00bb theme_builder_area=\u00a0\u00bbpost_content\u00a0\u00bb][et_pb_row _builder_version=\u00a0\u00bb4.27.4&Prime; _module_preset=\u00a0\u00bbdefault\u00a0\u00bb background_image=\u00a0\u00bbhttps:\/\/www.flair-paris.fr\/wp-content\/uploads\/2026\/01\/fond-scaled.jpg\u00a0\u00bb width=\u00a0\u00bb100%\u00a0\u00bb custom_padding=\u00a0\u00bb40px|50px|40px|50px|false|false\u00a0\u00bb global_colors_info=\u00a0\u00bb{}\u00a0\u00bb theme_builder_area=\u00a0\u00bbpost_content\u00a0\u00bb][et_pb_column type=\u00a0\u00bb4_4&Prime; _builder_version=\u00a0\u00bb4.27.4&Prime; _module_preset=\u00a0\u00bbdefault\u00a0\u00bb global_colors_info=\u00a0\u00bb{}\u00a0\u00bb theme_builder_area=\u00a0\u00bbpost_content\u00a0\u00bb][et_pb_image src=\u00a0\u00bbhttps:\/\/www.flair-paris.fr\/wp-content\/uploads\/2026\/02\/Page-2-@Kai-XU-scaled.jpg\u00a0\u00bb title_text=\u00a0\u00bbPage #2 @Kai XU\u00a0\u00bb _builder_version=\u00a0\u00bb4.27.4&Prime; _module_preset=\u00a0\u00bbdefault\u00a0\u00bb global_colors_info=\u00a0\u00bb{}\u00a0\u00bb theme_builder_area=\u00a0\u00bbpost_content\u00a0\u00bb][\/et_pb_image][\/et_pb_column][\/et_pb_row][et_pb_row _builder_version=\u00a0\u00bb4.27.4&Prime; _module_preset=\u00a0\u00bbdefault\u00a0\u00bb global_colors_info=\u00a0\u00bb{}\u00a0\u00bb theme_builder_area=\u00a0\u00bbpost_content\u00a0\u00bb][et_pb_column type=\u00a0\u00bb4_4&Prime; _builder_version=\u00a0\u00bb4.27.4&Prime; _module_preset=\u00a0\u00bbdefault\u00a0\u00bb global_colors_info=\u00a0\u00bb{}\u00a0\u00bb theme_builder_area=\u00a0\u00bbpost_content\u00a0\u00bb][et_pb_text module_class=\u00a0\u00bbforce-noir-gras\u00a0\u00bb _builder_version=\u00a0\u00bb4.27.4&Prime; _module_preset=\u00a0\u00bbdefault\u00a0\u00bb text_line_height=\u00a0\u00bb1em\u00a0\u00bb global_colors_info=\u00a0\u00bb{}\u00a0\u00bb theme_builder_area=\u00a0\u00bbpost_content\u00a0\u00bb]<p style=\"font-weight: 400;\"><strong>#2 &#8211; 2024 \/ 2025<\/strong><\/p>\n<p style=\"font-weight: 400;\"><strong>Haonan He, Opium-arium, 2024<\/strong><\/p>\n<p style=\"font-weight: 400;\">POUSH, dans le cadre de l\u2019exposition Par la fum\u00e9e, du 5 octobre au 14 d\u00e9cembre 2024.<\/p>\n<p style=\"font-weight: 400;\">Avec Io Burgard, Anna de Castro Barbosa, Cl\u00e9ment Cogitore, Anne Commet, Morgan Courtois, Kenny Dunkan, Ana\u00efs Gauthier, Haonan He, \u00c9li Lotar &amp; Jacques Pr\u00e9vert, \u00c9milie McDermott, Roman Moriceau, Laure Prouvost, Antoine Renard, Adrien Tinchi, Morgane Tschiember, Ittah Yoda.<\/p>\n<p style=\"font-weight: 400;\">Commissariat : Sandra Barr\u00e9.<\/p>\n<p style=\"font-weight: 400;\">Avec le projet Opium-arium, Haonan He explore la pratique de la pipe \u00e0 opium, le tabagisme, ainsi que les aspects psycho-<\/p>\n<p style=\"font-weight: 400;\">historiques plus profonds de l\u2019abus d\u2019opiac\u00e9s. Ce projet puise son inspiration dans les formes, les sons, la fum\u00e9e et les odeurs pr\u00e9sentes dans l\u2019histoire et la culture du pavot, consid\u00e9r\u00e9s par l\u2019artiste comme des faits<\/p>\n<p style=\"font-weight: 400;\">mat\u00e9riels de l\u2019histoire.<\/p>\n<p style=\"font-weight: 400;\">Haonan He d\u00e9veloppe une pratique extra-disciplinaire et multim\u00e9dia nourrie par l\u2019enqu\u00eate-cr\u00e9ation, une approche<\/p>\n<p style=\"font-weight: 400;\">cartographique subjective de la cosmologie du mandala. Sa recherche retrace l\u2019histoire coloniale de la diffusion mondiale<\/p>\n<p style=\"font-weight: 400;\">du pavot \u00e0 opium du XIe si\u00e8cle \u00e0 nos jours pour \u00e9clairer les racines coloniales du probl\u00e8me des drogues issues du pavot et<\/p>\n<p style=\"font-weight: 400;\">les dilemmes complexes qu\u2019il pose aujourd\u2019hui. Son travail a \u00e9t\u00e9 pr\u00e9sent\u00e9 au Mus\u00e9e d\u2019Art Contemporain de Lyon (2023), au<\/p>\n<p style=\"font-weight: 400;\">Centre Pompidou (2023), \u00e0 la cit\u00e9 internationnale des arts (2021, 2023) ou au Winshare Art Museum (2021).<\/p>\n<p style=\"font-weight: 400;\">L\u2019odeur a \u00e9t\u00e9 pens\u00e9e en collaboration avec la parfumeure Margaux Le Paih-Gu\u00e9rin.<\/p>\n<p style=\"font-weight: 400;\"><strong>Jury de la seconde \u00e9dition<\/strong><\/p>\n<p style=\"font-weight: 400;\">Anne-Sophie Behaghel &amp; Am\u00e9lie Bourgeois (parfumeures et fondatrices du studio Flair), Eug\u00e9nie B\u00e9ziat (cheffe du restaurant Espadon au Ritz Paris), Yvannoe Kruger (commissaire d\u2019exposition),<span>\u00a0 <\/span>Mathilde Laurent (parfumeure maison Cartier), Camille Paulhan (critique d\u2019art), Antoine Renard (plasticien), Ryoko Sekigush (po\u00e8te et autrice).<\/p>[\/et_pb_text][\/et_pb_column][\/et_pb_row][et_pb_row _builder_version=\u00a0\u00bb4.27.4&Prime; _module_preset=\u00a0\u00bbdefault\u00a0\u00bb global_colors_info=\u00a0\u00bb{}\u00a0\u00bb theme_builder_area=\u00a0\u00bbpost_content\u00a0\u00bb][et_pb_column type=\u00a0\u00bb4_4&Prime; _builder_version=\u00a0\u00bb4.27.4&Prime; _module_preset=\u00a0\u00bbdefault\u00a0\u00bb global_colors_info=\u00a0\u00bb{}\u00a0\u00bb theme_builder_area=\u00a0\u00bbpost_content\u00a0\u00bb][et_pb_image src=\u00a0\u00bbhttps:\/\/www.flair-paris.fr\/wp-content\/uploads\/2026\/02\/Page-2-@Kai-XU-scaled.jpg\u00a0\u00bb title_text=\u00a0\u00bbPage #2 @Kai XU\u00a0\u00bb _builder_version=\u00a0\u00bb4.27.4&Prime; _module_preset=\u00a0\u00bbdefault\u00a0\u00bb global_colors_info=\u00a0\u00bb{}\u00a0\u00bb theme_builder_area=\u00a0\u00bbpost_content\u00a0\u00bb][\/et_pb_image][\/et_pb_column][\/et_pb_row][et_pb_row _builder_version=\u00a0\u00bb4.27.4&Prime; _module_preset=\u00a0\u00bbdefault\u00a0\u00bb global_colors_info=\u00a0\u00bb{}\u00a0\u00bb theme_builder_area=\u00a0\u00bbpost_content\u00a0\u00bb][et_pb_column type=\u00a0\u00bb4_4&Prime; _builder_version=\u00a0\u00bb4.27.4&Prime; _module_preset=\u00a0\u00bbdefault\u00a0\u00bb global_colors_info=\u00a0\u00bb{}\u00a0\u00bb theme_builder_area=\u00a0\u00bbpost_content\u00a0\u00bb][et_pb_image src=\u00a0\u00bbhttps:\/\/www.flair-paris.fr\/wp-content\/uploads\/2026\/01\/Page-2-Kai-XU-scaled.jpg\u00a0\u00bb title_text=\u00a0\u00bbPage #2 Kai XU\u00a0\u00bb _builder_version=\u00a0\u00bb4.27.4&Prime; _module_preset=\u00a0\u00bbdefault\u00a0\u00bb global_colors_info=\u00a0\u00bb{}\u00a0\u00bb theme_builder_area=\u00a0\u00bbpost_content\u00a0\u00bb][\/et_pb_image][\/et_pb_column][\/et_pb_row][et_pb_row _builder_version=\u00a0\u00bb4.27.4&Prime; _module_preset=\u00a0\u00bbdefault\u00a0\u00bb global_colors_info=\u00a0\u00bb{}\u00a0\u00bb theme_builder_area=\u00a0\u00bbpost_content\u00a0\u00bb][et_pb_column type=\u00a0\u00bb4_4&Prime; _builder_version=\u00a0\u00bb4.27.4&Prime; _module_preset=\u00a0\u00bbdefault\u00a0\u00bb global_colors_info=\u00a0\u00bb{}\u00a0\u00bb theme_builder_area=\u00a0\u00bbpost_content\u00a0\u00bb][et_pb_image src=\u00a0\u00bbhttps:\/\/www.flair-paris.fr\/wp-content\/uploads\/2026\/01\/Page-2-Par-la-fumee-Romain-Darnaud.jpg\u00a0\u00bb title_text=\u00a0\u00bbPage #2 Par la fum\u00e9e &#8211; Romain Darnaud\u00a0\u00bb align=\u00a0\u00bbcenter\u00a0\u00bb _builder_version=\u00a0\u00bb4.27.4&Prime; _module_preset=\u00a0\u00bbdefault\u00a0\u00bb global_colors_info=\u00a0\u00bb{}\u00a0\u00bb theme_builder_area=\u00a0\u00bbpost_content\u00a0\u00bb][\/et_pb_image][\/et_pb_column][\/et_pb_row][et_pb_row _builder_version=\u00a0\u00bb4.27.4&Prime; _module_preset=\u00a0\u00bbdefault\u00a0\u00bb global_colors_info=\u00a0\u00bb{}\u00a0\u00bb theme_builder_area=\u00a0\u00bbpost_content\u00a0\u00bb][et_pb_column type=\u00a0\u00bb4_4&Prime; _builder_version=\u00a0\u00bb4.27.4&Prime; _module_preset=\u00a0\u00bbdefault\u00a0\u00bb global_colors_info=\u00a0\u00bb{}\u00a0\u00bb theme_builder_area=\u00a0\u00bbpost_content\u00a0\u00bb][et_pb_image src=\u00a0\u00bbhttps:\/\/www.flair-paris.fr\/wp-content\/uploads\/2026\/01\/Page-2-Par-la-fumee-Romain-Darnaud-1.jpg\u00a0\u00bb title_text=\u00a0\u00bbPage #2 Par la fum\u00e9e-Romain Darnaud\u00a0\u00bb align=\u00a0\u00bbcenter\u00a0\u00bb _builder_version=\u00a0\u00bb4.27.4&Prime; _module_preset=\u00a0\u00bbdefault\u00a0\u00bb global_colors_info=\u00a0\u00bb{}\u00a0\u00bb theme_builder_area=\u00a0\u00bbpost_content\u00a0\u00bb][\/et_pb_image][\/et_pb_column][\/et_pb_row][\/et_pb_section]","protected":false},"excerpt":{"rendered":"<p>#2 &#8211; 2024 \/ 2025 Haonan He, Opium-arium, 2024 POUSH, dans le cadre de l\u2019exposition Par la fum\u00e9e, du 5 octobre au 14 d\u00e9cembre 2024. Avec Io Burgard, Anna de Castro Barbosa, Cl\u00e9ment Cogitore, Anne Commet, Morgan Courtois, Kenny Dunkan, Ana\u00efs Gauthier, Haonan He, \u00c9li Lotar &amp; Jacques Pr\u00e9vert, \u00c9milie McDermott, Roman Moriceau, Laure Prouvost, [&hellip;]<\/p>","protected":false},"author":5,"featured_media":0,"parent":0,"menu_order":0,"comment_status":"closed","ping_status":"closed","template":"","meta":{"_et_pb_use_builder":"on","_et_pb_old_content":"","_et_gb_content_width":"","inline_featured_image":false,"footnotes":""},"class_list":["post-3837","page","type-page","status-publish","hentry"],"_links":{"self":[{"href":"https:\/\/www.flair-paris.fr\/en\/wp-json\/wp\/v2\/pages\/3837","targetHints":{"allow":["GET"]}}],"collection":[{"href":"https:\/\/www.flair-paris.fr\/en\/wp-json\/wp\/v2\/pages"}],"about":[{"href":"https:\/\/www.flair-paris.fr\/en\/wp-json\/wp\/v2\/types\/page"}],"author":[{"embeddable":true,"href":"https:\/\/www.flair-paris.fr\/en\/wp-json\/wp\/v2\/users\/5"}],"replies":[{"embeddable":true,"href":"https:\/\/www.flair-paris.fr\/en\/wp-json\/wp\/v2\/comments?post=3837"}],"version-history":[{"count":4,"href":"https:\/\/www.flair-paris.fr\/en\/wp-json\/wp\/v2\/pages\/3837\/revisions"}],"predecessor-version":[{"id":3861,"href":"https:\/\/www.flair-paris.fr\/en\/wp-json\/wp\/v2\/pages\/3837\/revisions\/3861"}],"wp:attachment":[{"href":"https:\/\/www.flair-paris.fr\/en\/wp-json\/wp\/v2\/media?parent=3837"}],"curies":[{"name":"wp","href":"https:\/\/api.w.org\/{rel}","templated":true}]}}