{"id":3843,"date":"2026-02-19T09:39:21","date_gmt":"2026-02-19T08:39:21","guid":{"rendered":"https:\/\/www.flair-paris.fr\/?page_id=3843"},"modified":"2026-02-23T14:26:41","modified_gmt":"2026-02-23T13:26:41","slug":"io-burgard-smell-of-moods-2","status":"publish","type":"page","link":"https:\/\/www.flair-paris.fr\/en\/io-burgard-smell-of-moods-2\/","title":{"rendered":"Io Burgard, Smell of Moods"},"content":{"rendered":"<p>[et_pb_section fb_built=\u00a0\u00bb1&Prime; _builder_version=\u00a0\u00bb4.27.4&Prime; _module_preset=\u00a0\u00bbdefault\u00a0\u00bb locked=\u00a0\u00bboff\u00a0\u00bb global_colors_info=\u00a0\u00bb{}\u00a0\u00bb][et_pb_row _builder_version=\u00a0\u00bb4.27.4&Prime; _module_preset=\u00a0\u00bbdefault\u00a0\u00bb background_image=\u00a0\u00bbhttps:\/\/www.flair-paris.fr\/wp-content\/uploads\/2026\/01\/fond-scaled.jpg\u00a0\u00bb width=\u00a0\u00bb100%\u00a0\u00bb custom_padding=\u00a0\u00bb40px|50px|40px|50px|false|false\u00a0\u00bb global_colors_info=\u00a0\u00bb{}\u00a0\u00bb][et_pb_column type=\u00a0\u00bb4_4&Prime; _builder_version=\u00a0\u00bb4.27.4&Prime; _module_preset=\u00a0\u00bbdefault\u00a0\u00bb global_colors_info=\u00a0\u00bb{}\u00a0\u00bb][et_pb_image src=\u00a0\u00bbhttps:\/\/www.flair-paris.fr\/wp-content\/uploads\/2026\/02\/Page-generale-1-2022-2023-scaled.jpg\u00a0\u00bb title_text=\u00a0\u00bbPage g\u00e9n\u00e9rale #1 &#8211; 2022 : 2023&Prime; _builder_version=\u00a0\u00bb4.27.4&Prime; _module_preset=\u00a0\u00bbdefault\u00a0\u00bb global_colors_info=\u00a0\u00bb{}\u00a0\u00bb][\/et_pb_image][\/et_pb_column][\/et_pb_row][et_pb_row _builder_version=\u00a0\u00bb4.27.4&Prime; _module_preset=\u00a0\u00bbdefault\u00a0\u00bb global_colors_info=\u00a0\u00bb{}\u00a0\u00bb][et_pb_column type=\u00a0\u00bb4_4&Prime; _builder_version=\u00a0\u00bb4.27.4&Prime; _module_preset=\u00a0\u00bbdefault\u00a0\u00bb global_colors_info=\u00a0\u00bb{}\u00a0\u00bb][et_pb_text module_class=\u00a0\u00bbforce-noir-gras\u00a0\u00bb _builder_version=\u00a0\u00bb4.27.4&Prime; _module_preset=\u00a0\u00bbdefault\u00a0\u00bb text_line_height=\u00a0\u00bb1em\u00a0\u00bb global_colors_info=\u00a0\u00bb{}\u00a0\u00bb]<\/p>\n<p style=\"font-weight: 400;\"><strong>#1 &#8211; 2022 \/ 2023<\/strong><\/p>\n<p style=\"font-weight: 400;\"><strong>Io Burgard, Smell of Moods, 2023<\/strong><\/p>\n<p style=\"font-weight: 400;\">La restitution Smell of Moods a eu lieu au Consulat (Paris 11e) du 29 avril au 06 mai 2023.<\/p>\n<p style=\"font-weight: 400;\">Perch\u00e9s en haut du Consulat Voltaire, sur sa mezzanine, les quatre corps olfactifs de Io Burgard paradent. Ces dr\u00f4les d\u2019os blanch\u00e2tres forment avec langueur, nonchalance, h\u00e2te ou roideur, une vie tangible. Chacun de ces corps a un nom, se rapporte \u00e0 une saison, exhale une odeur et d\u00e9termine un organe. R\u00e9actualisation d\u2019une th\u00e9orie des humeurs (dont on attribue d\u2019ailleurs faussement la paternit\u00e9 \u00e0 Hippocrate alors que son histoire est bien plus vieille), ils retracent l\u2019\u00e9quilibre du monde, celui du cycle des saisons et celui des chairs.<\/p>\n<p style=\"font-weight: 400;\">Moody, imperturbable, est un flegme aqueux qui garde la t\u00eate froide, il raconte l\u2019hiver o\u00f9 tout est glacial et calme. Jumpy, au contraire, est le sang fougueux et exub\u00e9rant. Il respire les fleurs et porte avec lui l\u2019\u00e9mergence du printemps\u00a0: un c\u0153ur qui palpite. Lazy, l\u2019atrabile, est mou\u00a0: une rate en plein automne qui s\u2019enfonce dans un canap\u00e9 moelleux, projetant de ne jamais en sortir. Hoot, enfin est chaud comme le sont les corps ardents et joueurs de l\u2019\u00e9t\u00e9, qui laissent \u00e0 chaque instant s\u2019exprimer le feu int\u00e9rieur d\u2019un foie qui s\u2019enjaille.<\/p>\n<p style=\"font-weight: 400;\">Avez-vous senti une odeur \u00e0 la lecture de ses mots\u00a0? Si vous les lisez avant d\u2019avoir \u00e9prouv\u00e9 l\u2019installation, approchez-vous, allez embrasser du nez ces corps de jesmonite, de pl\u00e2tre, de filasse, d\u2019acier et de paraffine. Imaginez-les vivre. La mati\u00e8re rend les personnages vivants notamment par les relents olfactifs que font exhaler les cires. Vous seriez presque invit\u00e9 \u00e0 vous asseoir \u00e0 c\u00f4t\u00e9 de ces corps fantasques pour entendre leurs histoires. Moody, \u00e0 la mani\u00e8re d\u2019un Bartleby distingu\u00e9, incarnation d\u2019une forme de dandy ass\u00e9ch\u00e9 transpirant sa raideur dans des notes d\u2019eau et de poussi\u00e8re, vous plongerait doucement dans la r\u00e9sistance. Jumpy, sentant les fleurs et le sexe et d\u00e9signant l\u2019\u00eatre fougueux du printemps qui renait, r\u00e9veillerait votre d\u00e9sir. Lazy, personnage nonchalant aux tr\u00e8s l\u00e9gers relents d\u2019apr\u00e8s-rasage et aux cheveux gras empestant le s\u00e9bum rance, vous ferait rire tant sa mollesse absurde pourrait \u00e9voquer celle d\u2019Oblomoff ou du Dude de The Big Lebowsky. Et Hoot, vous raconterait ses nuits estivales d\u2019adolescent.e.s pass\u00e9es \u00e0 boire n\u2019importe quoi, tant et si bien que son corps au petit matin transpire l\u2019alcool et qu\u2019une seule solution s\u2019offre \u00e0 iel pour se d\u00e9salt\u00e9rer : croquer dans une past\u00e8que juteuse\u2026<\/p>\n<p style=\"font-weight: 400;\">Ces principes d\u2019association qui \u00e9voquent aussi bien des formes, des odeurs que des organes, construisent des caract\u00e8res, des personnages tiss\u00e9s de multiples r\u00e9f\u00e9rences. Des \u00eatres. Tout comme il en va toujours dans le travail de Io Burgard, tout comme il en va toujours dans la pluralit\u00e9 des constructions de chacun.e d\u2019entre nous. Ici, les hypoth\u00e8ses m\u00e9dicales viennent s\u2019incarner dans des corps narrant des histoires, comme pouvait l\u2019envisager Hildegarde de Bingen, grande herboriste du XIIe si\u00e8cle et comme le pr\u00e9conise la m\u00e9decine holistique consid\u00e9rant l\u2019individu.e dans un ensemble li\u00e9 aux autres et au monde. Alors les biographies intimes, inscrites dans les chairs, proposent une certaine repr\u00e9sentation kal\u00e9idoscopique du vivant. Une voie manifeste de l\u2019art lorsqu\u2019il fait exhaler, dans une atmosph\u00e8re commune, les senteurs des \u0153uvres et des corps qui viennent \u00e0 leur rencontre.<\/p>\n<p style=\"font-weight: 400; text-align: right;\">Sandra Barr\u00e9<\/p>\n<p style=\"font-weight: 400;\">N\u00e9e \u00e0 Talence, Io Burgard est dipl\u00f4m\u00e9e des Arts d\u00e9co de Strasbourg et des Beaux-Arts de Paris et vit et travaille entre Paris et Aubervilliers. Sa production s\u2019articule autour de la fluidit\u00e9 des corps et dans les interstices qui m\u00e8nent d\u2019un lieu \u00e0 l\u2019autre. Elle est la premi\u00e8re laur\u00e9ate du prix Flair pour l\u2019art olfactif. Son travail a notamment \u00e9t\u00e9 pr\u00e9sent\u00e9 au FRAC \u00cele-de-France (2022), au MOCO (2021) et au Centre d\u2019art Les Capucins (2020), au MRAC Occitanie (2018). Elle sera pr\u00e9sente \u00e0 la Triennale de Dunkerque \u00e0 partir de juin prochain.<\/p>\n<p style=\"font-weight: 400;\">Les quatre odeurs ont \u00e9t\u00e9 pens\u00e9es par Margaux Le Paih-Gu\u00e9rin, Camille Chemardin et Anne-Sophie Behghel.<\/p>\n<p style=\"font-weight: 400;\"><strong>Jury de la premi\u00e8re \u00e9dition<\/strong><\/p>\n<p style=\"font-weight: 400;\">Anne-Sophie Behaghel &amp; Am\u00e9lie Bourgeois (parfumeures et fondatrices du studio Flair), Bianca Bondi (plasticienne), Nicolas Bourriaud (th\u00e9oricien et commissaire d\u2019exposition), Jean-Baptiste Del Amo (\u00e9crivain), Antoine Lie (parfumeur ind\u00e9pendant), Ana\u00ebl Pigeat (critique d\u2019art).<\/p>\n<p>[\/et_pb_text][\/et_pb_column][\/et_pb_row][et_pb_row column_structure=\u00a0\u00bb1_3,2_3&Prime; use_custom_gutter=\u00a0\u00bbon\u00a0\u00bb gutter_width=\u00a0\u00bb2&Prime; _builder_version=\u00a0\u00bb4.27.4&Prime; _module_preset=\u00a0\u00bbdefault\u00a0\u00bb width=\u00a0\u00bb90%\u00a0\u00bb max_width=\u00a0\u00bb2015px\u00a0\u00bb module_alignment=\u00a0\u00bbright\u00a0\u00bb custom_margin=\u00a0\u00bb|0px||0px|false|false\u00a0\u00bb custom_padding=\u00a0\u00bb|0px||0px|false|false\u00a0\u00bb global_colors_info=\u00a0\u00bb{}\u00a0\u00bb][et_pb_column type=\u00a0\u00bb1_3&Prime; _builder_version=\u00a0\u00bb4.27.4&Prime; _module_preset=\u00a0\u00bbdefault\u00a0\u00bb global_colors_info=\u00a0\u00bb{}\u00a0\u00bb][et_pb_image src=\u00a0\u00bbhttps:\/\/www.flair-paris.fr\/wp-content\/uploads\/2026\/01\/Page-3-Lea-Guintrand.j-scaled-e1770216411379.jpg\u00a0\u00bb title_text=\u00a0\u00bbPage #3 L\u00e9a Guintrand.j\u00a0\u00bb _builder_version=\u00a0\u00bb4.27.4&Prime; _module_preset=\u00a0\u00bbdefault\u00a0\u00bb global_colors_info=\u00a0\u00bb{}\u00a0\u00bb][\/et_pb_image][\/et_pb_column][et_pb_column type=\u00a0\u00bb2_3&Prime; _builder_version=\u00a0\u00bb4.27.4&Prime; _module_preset=\u00a0\u00bbdefault\u00a0\u00bb global_colors_info=\u00a0\u00bb{}\u00a0\u00bb][et_pb_image src=\u00a0\u00bbhttps:\/\/www.flair-paris.fr\/wp-content\/uploads\/2026\/01\/Page-3-Lea-Guintrand-scaled.jpg\u00a0\u00bb title_text=\u00a0\u00bbPage #3 L\u00e9a Guintrand\u00a0\u00bb _builder_version=\u00a0\u00bb4.27.4&Prime; _module_preset=\u00a0\u00bbdefault\u00a0\u00bb width=\u00a0\u00bb74%\u00a0\u00bb global_colors_info=\u00a0\u00bb{}\u00a0\u00bb][\/et_pb_image][\/et_pb_column][\/et_pb_row][et_pb_row column_structure=\u00a0\u00bb3_5,2_5&Prime; use_custom_gutter=\u00a0\u00bbon\u00a0\u00bb gutter_width=\u00a0\u00bb2&Prime; _builder_version=\u00a0\u00bb4.27.4&Prime; _module_preset=\u00a0\u00bbdefault\u00a0\u00bb module_alignment=\u00a0\u00bbcenter\u00a0\u00bb custom_margin=\u00a0\u00bb-10px||30px||false|false\u00a0\u00bb custom_padding=\u00a0\u00bb0px|0px|0px|60px|false|false\u00a0\u00bb hover_enabled=\u00a0\u00bb0&Prime; custom_css_free_form=\u00a0\u00bb\/* Version am\u00e9lior\u00e9e pour corriger les d\u00e9formations d&rsquo;images *\/||@media (max-width: 767px) {||    .img-ratio-fix {||        display: flex !important;||        align-items: center !important; \/* Centre l&rsquo;image si elle est plus petite que le cadre *\/||        justify-content: center !important;||    }||||    .img-ratio-fix img {||        width: 100% !important;||        height: auto !important; \/* Crucial : r\u00e9initialise la hauteur *\/||        max-width: 100% !important;||        ||        \/* Emp\u00eache l&rsquo;image de s&rsquo;\u00e9tirer verticalement si le conteneur est trop grand *\/||        object-fit: scale-down !important; ||        ||        \/* Supprime les contraintes de hauteur minimale h\u00e9rit\u00e9es d&rsquo;Elementor *\/||        min-height: 0 !important;||    }||}\u00a0\u00bb global_colors_info=\u00a0\u00bb{}\u00a0\u00bb sticky_enabled=\u00a0\u00bb0&Prime;][et_pb_column type=\u00a0\u00bb3_5&Prime; _builder_version=\u00a0\u00bb4.27.4&Prime; _module_preset=\u00a0\u00bbdefault\u00a0\u00bb global_colors_info=\u00a0\u00bb{}\u00a0\u00bb][et_pb_image src=\u00a0\u00bbhttps:\/\/www.flair-paris.fr\/wp-content\/uploads\/2026\/01\/Page-3-Lea-Guintrand.jpgIO-B-CONSULAT-11-scaled.jpg\u00a0\u00bb title_text=\u00a0\u00bbPage #3 L\u00e9a Guintrand.jpgIO-B-CONSULAT-11&Prime; _builder_version=\u00a0\u00bb4.27.4&Prime; _module_preset=\u00a0\u00bbdefault\u00a0\u00bb width=\u00a0\u00bb100%\u00a0\u00bb height=\u00a0\u00bb516px\u00a0\u00bb custom_margin=\u00a0\u00bb|0px||0px|false|false\u00a0\u00bb global_colors_info=\u00a0\u00bb{}\u00a0\u00bb][\/et_pb_image][\/et_pb_column][et_pb_column type=\u00a0\u00bb2_5&Prime; _builder_version=\u00a0\u00bb4.27.4&Prime; _module_preset=\u00a0\u00bbdefault\u00a0\u00bb global_colors_info=\u00a0\u00bb{}\u00a0\u00bb][et_pb_image src=\u00a0\u00bbhttps:\/\/www.flair-paris.fr\/wp-content\/uploads\/2026\/01\/Page-3-Lea-Guintrand.jpgIO-B-CONSULAT-13-scaled.jpg\u00a0\u00bb title_text=\u00a0\u00bbPage #3 L\u00e9a Guintrand.jpgIO-B-CONSULAT-13&Prime; _builder_version=\u00a0\u00bb4.27.4&Prime; _module_preset=\u00a0\u00bbdefault\u00a0\u00bb width=\u00a0\u00bb294px\u00a0\u00bb height=\u00a0\u00bb516px\u00a0\u00bb global_colors_info=\u00a0\u00bb{}\u00a0\u00bb][\/et_pb_image][\/et_pb_column][\/et_pb_row][et_pb_row column_structure=\u00a0\u00bb1_3,1_3,1_3&Prime; use_custom_gutter=\u00a0\u00bbon\u00a0\u00bb gutter_width=\u00a0\u00bb2&Prime; _builder_version=\u00a0\u00bb4.27.4&Prime; _module_preset=\u00a0\u00bbdefault\u00a0\u00bb width=\u00a0\u00bb67%\u00a0\u00bb module_alignment=\u00a0\u00bbcenter\u00a0\u00bb custom_margin=\u00a0\u00bb-40px||-20px||false|false\u00a0\u00bb custom_padding=\u00a0\u00bb|0px||0px|false|false\u00a0\u00bb global_colors_info=\u00a0\u00bb{}\u00a0\u00bb][et_pb_column type=\u00a0\u00bb1_3&Prime; _builder_version=\u00a0\u00bb4.27.4&Prime; _module_preset=\u00a0\u00bbdefault\u00a0\u00bb global_colors_info=\u00a0\u00bb{}\u00a0\u00bb][et_pb_image src=\u00a0\u00bbhttps:\/\/www.flair-paris.fr\/wp-content\/uploads\/2026\/01\/Page-3-Lea-Guintrand.jpgO-B-CONSULAT-19-scaled.jpg\u00a0\u00bb title_text=\u00a0\u00bbPage #3 L\u00e9a Guintrand.jpgO-B-CONSULAT-19&Prime; _builder_version=\u00a0\u00bb4.27.4&Prime; _module_preset=\u00a0\u00bbdefault\u00a0\u00bb global_colors_info=\u00a0\u00bb{}\u00a0\u00bb][\/et_pb_image][\/et_pb_column][et_pb_column type=\u00a0\u00bb1_3&Prime; _builder_version=\u00a0\u00bb4.27.4&Prime; _module_preset=\u00a0\u00bbdefault\u00a0\u00bb global_colors_info=\u00a0\u00bb{}\u00a0\u00bb][et_pb_image src=\u00a0\u00bbhttps:\/\/www.flair-paris.fr\/wp-content\/uploads\/2026\/01\/Page-3-Lea-Guintrand.jpgIO-B-CONSULAT-20-scaled.jpg\u00a0\u00bb title_text=\u00a0\u00bbPage #3 L\u00e9a Guintrand.jpgIO-B-CONSULAT-20&Prime; _builder_version=\u00a0\u00bb4.27.4&Prime; _module_preset=\u00a0\u00bbdefault\u00a0\u00bb global_colors_info=\u00a0\u00bb{}\u00a0\u00bb][\/et_pb_image][\/et_pb_column][et_pb_column type=\u00a0\u00bb1_3&Prime; _builder_version=\u00a0\u00bb4.27.4&Prime; _module_preset=\u00a0\u00bbdefault\u00a0\u00bb global_colors_info=\u00a0\u00bb{}\u00a0\u00bb][et_pb_image src=\u00a0\u00bbhttps:\/\/www.flair-paris.fr\/wp-content\/uploads\/2026\/01\/Page-3-Lea-Guintrand.jpgIO-B-CONSULAT-21-scaled.jpg\u00a0\u00bb title_text=\u00a0\u00bbPage #3 L\u00e9a Guintrand.jpgIO-B-CONSULAT-21&Prime; _builder_version=\u00a0\u00bb4.27.4&Prime; _module_preset=\u00a0\u00bbdefault\u00a0\u00bb global_colors_info=\u00a0\u00bb{}\u00a0\u00bb][\/et_pb_image][\/et_pb_column][\/et_pb_row][et_pb_row column_structure=\u00a0\u00bb1_2,1_2&Prime; use_custom_gutter=\u00a0\u00bbon\u00a0\u00bb gutter_width=\u00a0\u00bb1&Prime; make_equal=\u00a0\u00bbon\u00a0\u00bb _builder_version=\u00a0\u00bb4.27.4&Prime; _module_preset=\u00a0\u00bbdefault\u00a0\u00bb custom_margin=\u00a0\u00bb10px||-20px||false|false\u00a0\u00bb custom_padding=\u00a0\u00bb0px||0px||false|false\u00a0\u00bb custom_css_free_form=\u00a0\u00bbselector {||    display: flex !important;||    gap: 15px !important; \/* C&rsquo;est ici que tu r\u00e8gles ton 1.5 (ajuste entre 10 et 20px) *\/||    justify-content: center !important;||}\u00a0\u00bb global_colors_info=\u00a0\u00bb{}\u00a0\u00bb][et_pb_column type=\u00a0\u00bb1_2&Prime; _builder_version=\u00a0\u00bb4.27.4&Prime; _module_preset=\u00a0\u00bbdefault\u00a0\u00bb global_colors_info=\u00a0\u00bb{}\u00a0\u00bb][et_pb_image src=\u00a0\u00bbhttps:\/\/www.flair-paris.fr\/wp-content\/uploads\/2026\/01\/Page-3-Lea-Guintrand.jpgIO-B-CONSULAT-25-scaled.jpg\u00a0\u00bb title_text=\u00a0\u00bbPage #3 L\u00e9a Guintrand.jpgIO-B-CONSULAT-25&Prime; _builder_version=\u00a0\u00bb4.27.4&Prime; _module_preset=\u00a0\u00bbdefault\u00a0\u00bb global_colors_info=\u00a0\u00bb{}\u00a0\u00bb][\/et_pb_image][\/et_pb_column][et_pb_column type=\u00a0\u00bb1_2&Prime; _builder_version=\u00a0\u00bb4.27.4&Prime; _module_preset=\u00a0\u00bbdefault\u00a0\u00bb global_colors_info=\u00a0\u00bb{}\u00a0\u00bb][et_pb_image src=\u00a0\u00bbhttps:\/\/www.flair-paris.fr\/wp-content\/uploads\/2026\/01\/Page-3-Lea-Guintrand.jpgIO-B-CONSULAT-28-scaled.jpg\u00a0\u00bb title_text=\u00a0\u00bbPage #3 L\u00e9a Guintrand.jpgIO-B-CONSULAT-28&Prime; _builder_version=\u00a0\u00bb4.27.4&Prime; _module_preset=\u00a0\u00bbdefault\u00a0\u00bb width=\u00a0\u00bb44%\u00a0\u00bb global_colors_info=\u00a0\u00bb{}\u00a0\u00bb][\/et_pb_image][\/et_pb_column][\/et_pb_row][et_pb_row column_structure=\u00a0\u00bb1_2,1_2&Prime; use_custom_gutter=\u00a0\u00bbon\u00a0\u00bb gutter_width=\u00a0\u00bb2&Prime; _builder_version=\u00a0\u00bb4.27.4&Prime; _module_preset=\u00a0\u00bbdefault\u00a0\u00bb width=\u00a0\u00bb78%\u00a0\u00bb custom_margin=\u00a0\u00bb10px||||false|false\u00a0\u00bb global_colors_info=\u00a0\u00bb{}\u00a0\u00bb][et_pb_column type=\u00a0\u00bb1_2&Prime; _builder_version=\u00a0\u00bb4.27.4&Prime; _module_preset=\u00a0\u00bbdefault\u00a0\u00bb global_colors_info=\u00a0\u00bb{}\u00a0\u00bb][et_pb_image src=\u00a0\u00bbhttps:\/\/www.flair-paris.fr\/wp-content\/uploads\/2026\/01\/Page-3-Lea-Guintrand.jp_-scaled.jpg\u00a0\u00bb title_text=\u00a0\u00bbPage #3 L\u00e9a Guintrand.jp\u00a0\u00bb _builder_version=\u00a0\u00bb4.27.4&Prime; _module_preset=\u00a0\u00bbdefault\u00a0\u00bb global_colors_info=\u00a0\u00bb{}\u00a0\u00bb][\/et_pb_image][\/et_pb_column][et_pb_column type=\u00a0\u00bb1_2&Prime; _builder_version=\u00a0\u00bb4.27.4&Prime; _module_preset=\u00a0\u00bbdefault\u00a0\u00bb global_colors_info=\u00a0\u00bb{}\u00a0\u00bb][et_pb_image src=\u00a0\u00bbhttps:\/\/www.flair-paris.fr\/wp-content\/uploads\/2026\/01\/Page-3-Lea-Guintrand.jpg-scaled.jpg\u00a0\u00bb title_text=\u00a0\u00bbPage #3 L\u00e9a Guintrand.jpg\u00a0\u00bb _builder_version=\u00a0\u00bb4.27.4&Prime; _module_preset=\u00a0\u00bbdefault\u00a0\u00bb global_colors_info=\u00a0\u00bb{}\u00a0\u00bb][\/et_pb_image][\/et_pb_column][\/et_pb_row][\/et_pb_section]<\/p>","protected":false},"excerpt":{"rendered":"<p>#1 &#8211; 2022 \/ 2023 Io Burgard, Smell of Moods, 2023 La restitution Smell of Moods a eu lieu au Consulat (Paris 11e) du 29 avril au 06 mai 2023. Perch\u00e9s en haut du Consulat Voltaire, sur sa mezzanine, les quatre corps olfactifs de Io Burgard paradent. Ces dr\u00f4les d\u2019os blanch\u00e2tres forment avec langueur, nonchalance, [&hellip;]<\/p>","protected":false},"author":5,"featured_media":0,"parent":0,"menu_order":0,"comment_status":"closed","ping_status":"closed","template":"","meta":{"_et_pb_use_builder":"on","_et_pb_old_content":"","_et_gb_content_width":"","inline_featured_image":false,"footnotes":""},"class_list":["post-3843","page","type-page","status-publish","hentry"],"_links":{"self":[{"href":"https:\/\/www.flair-paris.fr\/en\/wp-json\/wp\/v2\/pages\/3843","targetHints":{"allow":["GET"]}}],"collection":[{"href":"https:\/\/www.flair-paris.fr\/en\/wp-json\/wp\/v2\/pages"}],"about":[{"href":"https:\/\/www.flair-paris.fr\/en\/wp-json\/wp\/v2\/types\/page"}],"author":[{"embeddable":true,"href":"https:\/\/www.flair-paris.fr\/en\/wp-json\/wp\/v2\/users\/5"}],"replies":[{"embeddable":true,"href":"https:\/\/www.flair-paris.fr\/en\/wp-json\/wp\/v2\/comments?post=3843"}],"version-history":[{"count":6,"href":"https:\/\/www.flair-paris.fr\/en\/wp-json\/wp\/v2\/pages\/3843\/revisions"}],"predecessor-version":[{"id":3875,"href":"https:\/\/www.flair-paris.fr\/en\/wp-json\/wp\/v2\/pages\/3843\/revisions\/3875"}],"wp:attachment":[{"href":"https:\/\/www.flair-paris.fr\/en\/wp-json\/wp\/v2\/media?parent=3843"}],"curies":[{"name":"wp","href":"https:\/\/api.w.org\/{rel}","templated":true}]}}