{"id":434,"date":"2022-05-23T17:26:41","date_gmt":"2022-05-23T15:26:41","guid":{"rendered":"https:\/\/www.flair-paris.fr\/?page_id=434"},"modified":"2026-03-26T18:34:59","modified_gmt":"2026-03-26T17:34:59","slug":"mentions-legales","status":"publish","type":"page","link":"https:\/\/www.flair-paris.fr\/en\/mentions-legales\/","title":{"rendered":"legal notices"},"content":{"rendered":"<p>[et_pb_section fb_built=\u00a0\u00bb1&Prime; _builder_version=\u00a0\u00bb4.16&Prime; _module_preset=\u00a0\u00bbdefault\u00a0\u00bb global_colors_info=\u00a0\u00bb{}\u00a0\u00bb][et_pb_row _builder_version=\u00a0\u00bb4.16&Prime; _module_preset=\u00a0\u00bbdefault\u00a0\u00bb global_colors_info=\u00a0\u00bb{}\u00a0\u00bb][et_pb_column type=\u00a0\u00bb4_4&Prime; _builder_version=\u00a0\u00bb4.16&Prime; _module_preset=\u00a0\u00bbdefault\u00a0\u00bb global_colors_info=\u00a0\u00bb{}\u00a0\u00bb][et_pb_text _builder_version=\u00a0\u00bb4.22.2&Prime; _module_preset=\u00a0\u00bbdefault\u00a0\u00bb global_colors_info=\u00a0\u00bb{}\u00a0\u00bb]<\/p>\n<div>\n<p><span><b>IDENTIFICATION DE L\u2019\u00c9DITEUR<\/b><\/span><\/p>\n<p><span>Le site\u00a0<a href=\"https:\/\/www.flair-paris.fr\/en\/\" target=\"_blank\" data-saferedirecturl=\"https:\/\/www.google.com\/url?q=https:\/\/www.flair-paris.fr\/&amp;source=gmail&amp;ust=1653405580159000&amp;usg=AOvVaw2Z5zI7y4vo2HME4EA_sXgB\" rel=\"noopener\">flair<\/a>\u00a0(ci-apr\u00e8s \u00ab\u00a0le Site\u00a0\u00bb), accessible \u00e0 l\u2019adresse www.<a href=\"https:\/\/www.flair-paris.fr\/en\/\" target=\"_blank\" data-saferedirecturl=\"https:\/\/www.google.com\/url?q=https:\/\/www.flair-paris.fr\/&amp;source=gmail&amp;ust=1653405580159000&amp;usg=AOvVaw2Z5zI7y4vo2HME4EA_sXgB\" rel=\"noopener\">https:\/\/www.flair-paris.fr\/<\/a> est \u00e9dit\u00e9 par Flair Bourgeois (ci-apr\u00e8s \u00ab l\u2019Editeur \u00bb), dont le domicile est situ\u00e9 12 rue du Sentier, 75002 Paris, France. Il est immatricul\u00e9 au RCS de Paris sous le num\u00e9ro 753 524 131.\u00a0<\/span><\/p>\n<p><span>L\u2019Editeur peut \u00eatre contact\u00e9 \u00e0 l\u2019adresse mail\u00a0<a href=\"mailto:amelie@flair-paris.fr\" target=\"_blank\" rel=\"noopener\">amelie@flair-paris.fr<\/a>\u00a0ou par t\u00e9l\u00e9phone au 06 82 92 53 48.<\/span><\/p>\n<p><span><\/span><\/p>\n<p><strong>CR\u00c9DITS PHOTO<\/strong><\/p>\n<p>\u00ab\u00a0Les images d\u2019ambiance du site internet ont \u00e9t\u00e9 pens\u00e9es et r\u00e9alis\u00e9es par le photographe <a href=\"https:\/\/www.instagram.com\/nicolas_mingalon\/\">Nicolas Mingalon<\/a>\u00a0et sont soumises au droit d\u2019auteur.<\/p>\n<p>Les portraits de l\u2019\u00e9quipe ont \u00e9t\u00e9 pens\u00e9s et r\u00e9alis\u00e9s par <a href=\"https:\/\/www.instagram.com\/mg_.shoot\/\">Mohamed Mahmoud<\/a>\u00a0et sont soumises au droit d\u2019auteur.\u00a0\u00bb<\/p>\n<p>&nbsp;<\/p>\n<p><span><b>H\u00c9BERGEUR DU SITE INTERNET<\/b><\/span><\/p>\n<p><span>Site h\u00e9berg\u00e9 par :<br \/><\/span>OVH<br \/><span>2 rue Kellermann<br \/>59 100 Roubaix<br \/>France<\/span><\/p>\n<p>Site op\u00e9r\u00e9 par :<br \/>Eetek<br \/>211 avenue Raymond Poincar\u00e9<br \/>60280 Margny les Compi\u00e8gne<br \/><a href=\"https:\/\/www.eetek.fr\">www.eetek.fr<\/a><\/p>\n<p><span><\/span><\/p>\n<p><span><\/span><span><b>COLLECTE DE DONN\u00c9ES PERSONNELLES\u00a0<\/b><\/span><\/p>\n<p><span>Conform\u00e9ment aux dispositions de la loi n\u00b0 78-17 du 6 janvier 1978 modifi\u00e9e, relative \u00e0 l\u2019informatique, aux fichiers et aux libert\u00e9s, l\u2019utilisateur est inform\u00e9 que l\u2019Editeur proc\u00e8de \u00e0 la collecte et au traitement de donn\u00e9es personnelles, lors de la connexion au Site.\u00a0<\/span><\/p>\n<p><span>Les donn\u00e9es collect\u00e9es servent principalement \u00e0 permettre la mise \u00e0 disposition de la Plateforme, son optimisation et sa s\u00e9curisation afin d\u2019offrir aux utilisateurs un service de la meilleure qualit\u00e9 possible. Des donn\u00e9es suppl\u00e9mentaires pourront \u00e9ventuellement \u00eatre collect\u00e9es par l\u2019Editeur pour permettre la bonne ex\u00e9cution de contrats commerciaux conclus par l\u2019entremise de la Plateforme avec l\u2019utilisateur.<\/span><\/p>\n<p><span>L\u2019utilisateur est inform\u00e9 qu\u2019il dispose d\u2019un droit d\u2019acc\u00e8s, d\u2019interrogation, de modification et de suppression des informations qui le concerne, \u00e0 exercer \u00e0 tout moment aupr\u00e8s de l\u2019Editeur soit directement sur le Site, soit par courrier postal adress\u00e9 au 163, rue Saint Denis, 75002 Paris, France soit par e-mail \u00e0 l\u2019adresse\u00a0<a href=\"mailto:amelie@flair-paris.fr\" target=\"_blank\" rel=\"noopener\">amelie@flair-paris.fr<\/a>.<\/span><\/p>\n<p><span>Les informations recueillies pourront \u00e9ventuellement \u00eatre partag\u00e9es \u00e0 des tiers r\u00e9sidant dans l\u2019Union Europ\u00e9enne dans les cas suivants :\u00a0<\/span><\/p>\n<ul>\n<li><span><\/span><span>Lorsque l\u2019utilisateur publie, dans une zone de commentaire, des informations accessibles au public ;<\/span><\/li>\n<li><span><\/span><span>Lorsque l\u2019utilisateur y consent express\u00e9ment ;<\/span><\/li>\n<li><span><\/span><span>Lorsque la loi l\u2019exige ou afin de coop\u00e9rer \u00e0 une enqu\u00eate judiciaire \u00e0 la demande expr\u00e8s d\u2019un d\u00e9tenteur de l\u2019autorit\u00e9 publique ;<\/span><\/li>\n<li><span><\/span><span>Pour l\u2019ex\u00e9cution de prestations commerciales pour lesquelles est rendu n\u00e9cessaire la coop\u00e9ration d\u2019un tiers, notamment dans le cas o\u00f9 l\u2019Editeur choisirait de sous-traiter certaines de ses prestations par l\u2019entremise de Services Tiers.<\/span><\/li>\n<\/ul>\n<p><span>Lorsque certaines informations sont obligatoires pour acc\u00e9der \u00e0 des fonctionnalit\u00e9s sp\u00e9cifiques du Site, l\u2019Editeur indiquera ce caract\u00e8re obligatoire au moment de la saisie des donn\u00e9es.<\/span><\/p>\n<p><span><\/span><\/p>\n<p><span><\/span><\/p>\n<p><span>Les donn\u00e9es personnelles collect\u00e9es ne seront conserv\u00e9es que le temps n\u00e9cessaire pour permettre la bonne utilisation du Site, emp\u00eacher les fraudes et abus, et satisfaire aux obligations l\u00e9gales et r\u00e9glementaires de l\u2019Editeur concernant la gestion du Site.<\/span><\/p>\n<p><span><\/span><\/p>\n<p><span><b>RESPECT DE LA PROPRIETE INTELECTUELLE<\/b><\/span><\/p>\n<p><span>Toutes les marques, photographies, textes, commentaires, illustrations, images anim\u00e9es ou non, s\u00e9quences vid\u00e9o, sons, ainsi que toutes les applications informatiques qui pourraient \u00eatre utilis\u00e9es pour faire fonctionner le Site et plus g\u00e9n\u00e9ralement tous les \u00e9l\u00e9ments reproduits ou utilis\u00e9s sur le Site sont prot\u00e9g\u00e9s par les lois en vigueur au titre de la propri\u00e9t\u00e9 intellectuelle.<\/span><\/p>\n<p><span>Ils sont la propri\u00e9t\u00e9 pleine et enti\u00e8re de l\u2019Editeur ou de ses partenaires, sauf mentions particuli\u00e8res. Toute reproduction, repr\u00e9sentation, utilisation ou adaptation, sous quelque forme que ce soit, de tout ou partie de ces \u00e9l\u00e9ments, y compris les applications informatiques, sans l\u2019accord pr\u00e9alable et \u00e9crit de l\u2019Editeur, sont strictement interdites. Le fait pour l\u2019Editeur de ne pas engager de proc\u00e9dure d\u00e8s la prise de connaissance de ces utilisations non autoris\u00e9es ne vaut pas acceptation desdites utilisations et renonciation aux poursuites.<\/span><\/p>\n<p><span><\/span><\/p>\n<p><span>Seule l\u2019utilisation pour un usage priv\u00e9 dans un cercle de famille est autoris\u00e9e et toute autre utilisation est constitutive de contrefa\u00e7on et\/ou d\u2019atteinte aux droits voisins, sanctionn\u00e9es par Code de la propri\u00e9t\u00e9 intellectuelle.<\/span><\/p>\n<p><span>La reprise de tout ou partie de ce contenu n\u00e9cessite l\u2019autorisation pr\u00e9alable de l\u2019Editeur ou du titulaire des droits sur ce contenu.<br \/><\/span><\/p>\n<\/div>\n<div>\n<div>\n<div>\n<p>&nbsp;<\/p>\n<p><span><\/span><\/p>\n<div><span><\/span><\/div>\n<div><span>Capital : 107.000 \u20ac<\/span><\/div>\n<div><span>Num\u00e9ro : 06 82 92 53 48<\/span><\/div>\n<div><span><\/span><\/div>\n<div><span>RCS Paris\u00a0: 753 524 131<\/span><\/div>\n<div><span>N\u00b0 TVA Intra\u00a0: FR15 753524131<\/span><\/div>\n<div><span>N\u00b0 Siret\u00a0: 753 524 131 00020<\/span><\/div>\n<\/div>\n<\/div>\n<\/div>\n<p>[\/et_pb_text][\/et_pb_column][\/et_pb_row][\/et_pb_section]<\/p>","protected":false},"excerpt":{"rendered":"<p>IDENTIFICATION DE L\u2019\u00c9DITEUR Le site\u00a0flair\u00a0(ci-apr\u00e8s \u00ab\u00a0le Site\u00a0\u00bb), accessible \u00e0 l\u2019adresse www.https:\/\/www.flair-paris.fr\/ est \u00e9dit\u00e9 par Flair Bourgeois (ci-apr\u00e8s \u00ab l\u2019Editeur \u00bb), dont le domicile est situ\u00e9 12 rue du Sentier, 75002 Paris, France. Il est immatricul\u00e9 au RCS de Paris sous le num\u00e9ro 753 524 131.\u00a0 L\u2019Editeur peut \u00eatre contact\u00e9 \u00e0 l\u2019adresse mail\u00a0amelie@flair-paris.fr\u00a0ou par t\u00e9l\u00e9phone au [&hellip;]<\/p>","protected":false},"author":1,"featured_media":0,"parent":0,"menu_order":0,"comment_status":"closed","ping_status":"closed","template":"","meta":{"_et_pb_use_builder":"on","_et_pb_old_content":"","_et_gb_content_width":"","inline_featured_image":false,"footnotes":""},"class_list":["post-434","page","type-page","status-publish","hentry"],"_links":{"self":[{"href":"https:\/\/www.flair-paris.fr\/en\/wp-json\/wp\/v2\/pages\/434","targetHints":{"allow":["GET"]}}],"collection":[{"href":"https:\/\/www.flair-paris.fr\/en\/wp-json\/wp\/v2\/pages"}],"about":[{"href":"https:\/\/www.flair-paris.fr\/en\/wp-json\/wp\/v2\/types\/page"}],"author":[{"embeddable":true,"href":"https:\/\/www.flair-paris.fr\/en\/wp-json\/wp\/v2\/users\/1"}],"replies":[{"embeddable":true,"href":"https:\/\/www.flair-paris.fr\/en\/wp-json\/wp\/v2\/comments?post=434"}],"version-history":[{"count":10,"href":"https:\/\/www.flair-paris.fr\/en\/wp-json\/wp\/v2\/pages\/434\/revisions"}],"predecessor-version":[{"id":3898,"href":"https:\/\/www.flair-paris.fr\/en\/wp-json\/wp\/v2\/pages\/434\/revisions\/3898"}],"wp:attachment":[{"href":"https:\/\/www.flair-paris.fr\/en\/wp-json\/wp\/v2\/media?parent=434"}],"curies":[{"name":"wp","href":"https:\/\/api.w.org\/{rel}","templated":true}]}}